{"id":11,"date":"2026-02-23T21:39:12","date_gmt":"2026-02-23T21:39:12","guid":{"rendered":"https:\/\/next44361.elev.nextkbh.dk\/?page_id=11"},"modified":"2026-02-24T21:10:39","modified_gmt":"2026-02-24T21:10:39","slug":"about","status":"publish","type":"page","link":"https:\/\/next44361.elev.nextkbh.dk\/?page_id=11","title":{"rendered":"Om mig"},"content":{"rendered":"\n<p class=\"has-black-color has-white-background-color has-text-color has-background has-link-color wp-elements-e04f2697dd6f44024b02e99ab5b6ae76\">Mit navn er&nbsp;<strong>S\u00f3lfr\u00ed\u00f0 H\u00f8jgaard Poulsen<\/strong>, og jeg kommer fra F\u00e6r\u00f8erne \u2013 et sted hvor naturen altid er t\u00e6t p\u00e5, og hvor vinden, havet og de gr\u00f8nne fjelde s\u00e6tter sit pr\u00e6g p\u00e5 b\u00e5de landskabet og sindet.<\/p>\n\n\n\n<p>Jeg er vokset op midt i den vilde, gr\u00f8nne natur, og den har formet mit blik for detaljer, stemninger og de sm\u00e5 \u00f8jeblikke, der ofte g\u00e5r ubem\u00e6rket hen. Kreativitet har altid v\u00e6ret en naturlig del af mit liv. Jeg strikker, maler og tegner \u2013 og for mig h\u00e6nger det hele sammen. Garnets rytme, penslens bev\u00e6gelse og blyantens streger er blot forskellige m\u00e5der at fort\u00e6lle den samme historie p\u00e5.<\/p>\n\n\n\n<p>Med mine daglige skitser fors\u00f8ger jeg at indfange tanker, f\u00f8lelser og \u00f8jeblikke fra hverdagen. Nogle gange er det naturen, der taler. Andre gange er det en stemning, en id\u00e9 eller en stille refleksion.<\/p>\n\n\n\n<p><em>Skitsedagbog<\/em>&nbsp;er mit kreative rum \u2013 et sted hvor jeg deler min proces, mine streger og min udvikling. \u00c9n tegning ad gangen.<\/p>\n\n\n\n<p>Tak fordi du kigger forbi.<\/p>\n","protected":false},"excerpt":{"rendered":"<p>Mit navn er&nbsp;S\u00f3lfr\u00ed\u00f0 H\u00f8jgaard Poulsen, og jeg kommer fra F\u00e6r\u00f8erne \u2013 et sted hvor naturen altid er t\u00e6t p\u00e5, og hvor vinden, havet og de gr\u00f8nne fjelde s\u00e6tter sit pr\u00e6g p\u00e5 b\u00e5de landskabet og sindet. Jeg er vokset op midt i den vilde, gr\u00f8nne natur, og den har formet mit blik for detaljer, stemninger og&hellip; <a class=\"more-link\" href=\"https:\/\/next44361.elev.nextkbh.dk\/?page_id=11\">Continue reading <span class=\"screen-reader-text\">Om mig<\/span><\/a><\/p>\n","protected":false},"author":1,"featured_media":0,"parent":0,"menu_order":0,"comment_status":"closed","ping_status":"closed","template":"","meta":{"footnotes":""},"class_list":["post-11","page","type-page","status-publish","hentry","entry"],"_links":{"self":[{"href":"https:\/\/next44361.elev.nextkbh.dk\/index.php?rest_route=\/wp\/v2\/pages\/11","targetHints":{"allow":["GET"]}}],"collection":[{"href":"https:\/\/next44361.elev.nextkbh.dk\/index.php?rest_route=\/wp\/v2\/pages"}],"about":[{"href":"https:\/\/next44361.elev.nextkbh.dk\/index.php?rest_route=\/wp\/v2\/types\/page"}],"author":[{"embeddable":true,"href":"https:\/\/next44361.elev.nextkbh.dk\/index.php?rest_route=\/wp\/v2\/users\/1"}],"replies":[{"embeddable":true,"href":"https:\/\/next44361.elev.nextkbh.dk\/index.php?rest_route=%2Fwp%2Fv2%2Fcomments&post=11"}],"version-history":[{"count":3,"href":"https:\/\/next44361.elev.nextkbh.dk\/index.php?rest_route=\/wp\/v2\/pages\/11\/revisions"}],"predecessor-version":[{"id":39,"href":"https:\/\/next44361.elev.nextkbh.dk\/index.php?rest_route=\/wp\/v2\/pages\/11\/revisions\/39"}],"wp:attachment":[{"href":"https:\/\/next44361.elev.nextkbh.dk\/index.php?rest_route=%2Fwp%2Fv2%2Fmedia&parent=11"}],"curies":[{"name":"wp","href":"https:\/\/api.w.org\/{rel}","templated":true}]}}