{"id":12,"date":"2026-02-23T21:39:12","date_gmt":"2026-02-23T21:39:12","guid":{"rendered":"https:\/\/next44361.elev.nextkbh.dk\/?page_id=12"},"modified":"2026-02-24T21:17:06","modified_gmt":"2026-02-24T21:17:06","slug":"contact","status":"publish","type":"page","link":"https:\/\/next44361.elev.nextkbh.dk\/?page_id=12","title":{"rendered":"Kontakt"},"content":{"rendered":"\n<p>Tak fordi du kigger forbi.<\/p>\n\n\n\n<p>Hvis du har sp\u00f8rgsm\u00e5l, \u00f8nsker at samarbejde, vil bestille en tegning \u2013 eller bare har lyst til at skrive en hilsen \u2013 er du altid velkommen til at kontakte mig.<\/p>\n\n\n\n<p>Jeg gl\u00e6der mig til at h\u00f8re fra dig.<\/p>\n","protected":false},"excerpt":{"rendered":"<p>Tak fordi du kigger forbi. Hvis du har sp\u00f8rgsm\u00e5l, \u00f8nsker at samarbejde, vil bestille en tegning \u2013 eller bare har lyst til at skrive en hilsen \u2013 er du altid velkommen til at kontakte mig. Jeg gl\u00e6der mig til at h\u00f8re fra dig.<\/p>\n","protected":false},"author":1,"featured_media":0,"parent":0,"menu_order":0,"comment_status":"closed","ping_status":"closed","template":"","meta":{"footnotes":""},"class_list":["post-12","page","type-page","status-publish","hentry","entry"],"_links":{"self":[{"href":"https:\/\/next44361.elev.nextkbh.dk\/index.php?rest_route=\/wp\/v2\/pages\/12","targetHints":{"allow":["GET"]}}],"collection":[{"href":"https:\/\/next44361.elev.nextkbh.dk\/index.php?rest_route=\/wp\/v2\/pages"}],"about":[{"href":"https:\/\/next44361.elev.nextkbh.dk\/index.php?rest_route=\/wp\/v2\/types\/page"}],"author":[{"embeddable":true,"href":"https:\/\/next44361.elev.nextkbh.dk\/index.php?rest_route=\/wp\/v2\/users\/1"}],"replies":[{"embeddable":true,"href":"https:\/\/next44361.elev.nextkbh.dk\/index.php?rest_route=%2Fwp%2Fv2%2Fcomments&post=12"}],"version-history":[{"count":3,"href":"https:\/\/next44361.elev.nextkbh.dk\/index.php?rest_route=\/wp\/v2\/pages\/12\/revisions"}],"predecessor-version":[{"id":44,"href":"https:\/\/next44361.elev.nextkbh.dk\/index.php?rest_route=\/wp\/v2\/pages\/12\/revisions\/44"}],"wp:attachment":[{"href":"https:\/\/next44361.elev.nextkbh.dk\/index.php?rest_route=%2Fwp%2Fv2%2Fmedia&parent=12"}],"curies":[{"name":"wp","href":"https:\/\/api.w.org\/{rel}","templated":true}]}}